{"id":7731,"date":"2022-10-11T11:44:31","date_gmt":"2022-10-11T11:44:31","guid":{"rendered":"https:\/\/artesaniasanlupe.com\/decora\/"},"modified":"2023-02-07T10:53:04","modified_gmt":"2023-02-07T10:53:04","slug":"decora","status":"publish","type":"page","link":"https:\/\/artesaniasanlupe.com\/en\/decora\/","title":{"rendered":"DECORA"},"content":{"rendered":"\t\t<div data-elementor-type=\"wp-page\" data-elementor-id=\"7731\" class=\"elementor elementor-7731 elementor-6850\">\n\t\t\t\t\t\t<section class=\"elementor-section elementor-top-section elementor-element elementor-element-7586fbf7 elementor-section-boxed elementor-section-height-default elementor-section-height-default\" data-id=\"7586fbf7\" data-element_type=\"section\" data-e-type=\"section\">\n\t\t\t\t\t\t<div class=\"elementor-container elementor-column-gap-default\">\n\t\t\t\t\t<div class=\"elementor-column elementor-col-100 elementor-top-column elementor-element elementor-element-458152e\" data-id=\"458152e\" data-element_type=\"column\" data-e-type=\"column\">\n\t\t\t<div class=\"elementor-widget-wrap\">\n\t\t\t\t\t\t\t<\/div>\n\t\t<\/div>\n\t\t\t\t\t<\/div>\n\t\t<\/section>\n\t\t\t\t<section class=\"elementor-section elementor-top-section elementor-element elementor-element-12421613 elementor-section-content-middle elementor-section-full_width elementor-section-height-default elementor-section-height-default\" data-id=\"12421613\" data-element_type=\"section\" data-e-type=\"section\">\n\t\t\t\t\t\t<div class=\"elementor-container elementor-column-gap-no\">\n\t\t\t\t\t<div class=\"elementor-column elementor-col-100 elementor-top-column elementor-element elementor-element-906a04e\" data-id=\"906a04e\" data-element_type=\"column\" data-e-type=\"column\">\n\t\t\t<div class=\"elementor-widget-wrap elementor-element-populated\">\n\t\t\t\t\t\t<div class=\"elementor-element elementor-element-20f39329 elementor-widget elementor-widget-image\" data-id=\"20f39329\" data-element_type=\"widget\" data-e-type=\"widget\" data-widget_type=\"image.default\">\n\t\t\t\t<div class=\"elementor-widget-container\">\n\t\t\t\t\t\t\t\t\t\t\t\t\t\t\t<img decoding=\"async\" src=\"https:\/\/artesaniasanlupe.com\/wp-content\/uploads\/2022\/10\/decora.jpg\" title=\"decora\" alt=\"decora\" loading=\"lazy\" \/>\t\t\t\t\t\t\t\t\t\t\t\t\t\t\t<\/div>\n\t\t\t\t<\/div>\n\t\t\t\t\t<\/div>\n\t\t<\/div>\n\t\t\t\t\t<\/div>\n\t\t<\/section>\n\t\t\t\t<section class=\"elementor-section elementor-top-section elementor-element elementor-element-75f995aa elementor-section-boxed elementor-section-height-default elementor-section-height-default\" data-id=\"75f995aa\" data-element_type=\"section\" data-e-type=\"section\">\n\t\t\t\t\t\t<div class=\"elementor-container elementor-column-gap-default\">\n\t\t\t\t\t<div class=\"elementor-column elementor-col-100 elementor-top-column elementor-element elementor-element-3139ea43\" data-id=\"3139ea43\" data-element_type=\"column\" data-e-type=\"column\">\n\t\t\t<div class=\"elementor-widget-wrap elementor-element-populated\">\n\t\t\t\t\t\t<div class=\"elementor-element elementor-element-446c554 elementor-widget elementor-widget-text-editor\" data-id=\"446c554\" data-element_type=\"widget\" data-e-type=\"widget\" data-widget_type=\"text-editor.default\">\n\t\t\t\t<div class=\"elementor-widget-container\">\n\t\t\t\t\t\t\t\t\t<p>Decora es sentirte en tu hogar pero fuera de \u00e9l, es un rinc\u00f3n que invita a construir tus sue\u00f1os, en un emplazamiento \u00fanico. <\/p>\n\n<p>Peque\u00f1os muebles, menaje, textiles para cocina y ba\u00f1o, olores y detalles para tu casa.<\/p>\n\n<p>Originalidad en nuestra colecci\u00f3n navide\u00f1a que Navidad tras Navidad llena de magia, color, luz y purpurina los hogares palmeros. <\/p>\t\t\t\t\t\t\t\t<\/div>\n\t\t\t\t<\/div>\n\t\t\t\t\t<\/div>\n\t\t<\/div>\n\t\t\t\t\t<\/div>\n\t\t<\/section>\n\t\t\t\t<section class=\"elementor-section elementor-top-section elementor-element elementor-element-3858133a elementor-section-full_width elementor-reverse-mobile elementor-section-content-middle elementor-section-height-default elementor-section-height-default\" data-id=\"3858133a\" data-element_type=\"section\" data-e-type=\"section\">\n\t\t\t\t\t\t<div class=\"elementor-container elementor-column-gap-no\">\n\t\t\t\t\t<div class=\"elementor-column elementor-col-50 elementor-top-column elementor-element elementor-element-2be1a249\" data-id=\"2be1a249\" data-element_type=\"column\" data-e-type=\"column\" data-settings=\"{&quot;background_background&quot;:&quot;classic&quot;}\">\n\t\t\t<div class=\"elementor-widget-wrap elementor-element-populated\">\n\t\t\t\t\t\t<div class=\"elementor-element elementor-element-180a6fa2 elementor-widget elementor-widget-heading\" data-id=\"180a6fa2\" data-element_type=\"widget\" data-e-type=\"widget\" data-widget_type=\"heading.default\">\n\t\t\t\t<div class=\"elementor-widget-container\">\n\t\t\t\t\t<h2 class=\"elementor-heading-title elementor-size-default\">Santa Cruz de La Palma<\/h2>\t\t\t\t<\/div>\n\t\t\t\t<\/div>\n\t\t\t\t<div class=\"elementor-element elementor-element-5d27f70 elementor-arrows-position-inside elementor-widget elementor-widget-image-carousel\" data-id=\"5d27f70\" data-element_type=\"widget\" data-e-type=\"widget\" data-settings=\"{&quot;slides_to_show&quot;:&quot;1&quot;,&quot;navigation&quot;:&quot;arrows&quot;,&quot;autoplay&quot;:&quot;yes&quot;,&quot;pause_on_hover&quot;:&quot;yes&quot;,&quot;pause_on_interaction&quot;:&quot;yes&quot;,&quot;autoplay_speed&quot;:5000,&quot;infinite&quot;:&quot;yes&quot;,&quot;effect&quot;:&quot;slide&quot;,&quot;speed&quot;:500}\" data-widget_type=\"image-carousel.default\">\n\t\t\t\t<div class=\"elementor-widget-container\">\n\t\t\t\t\t\t\t<div class=\"elementor-image-carousel-wrapper swiper\" role=\"region\" aria-roledescription=\"carousel\" aria-label=\"Image Carousel\" dir=\"ltr\">\n\t\t\t<div class=\"elementor-image-carousel swiper-wrapper\" aria-live=\"off\">\n\t\t\t\t\t\t\t\t<div class=\"swiper-slide\" role=\"group\" aria-roledescription=\"slide\" aria-label=\"1 of 1\"><figure class=\"swiper-slide-inner\"><img decoding=\"async\" class=\"swiper-slide-image\" src=\"https:\/\/artesaniasanlupe.com\/wp-content\/uploads\/2022\/10\/decora-tienda.jpg\" alt=\"Decora Media Luna\" title=\"\"><\/figure><\/div>\t\t\t<\/div>\n\t\t\t\t\t<\/div>\n\t\t\t\t\t\t<\/div>\n\t\t\t\t<\/div>\n\t\t\t\t\t<\/div>\n\t\t<\/div>\n\t\t\t\t<div class=\"elementor-column elementor-col-50 elementor-top-column elementor-element elementor-element-8c1715e\" data-id=\"8c1715e\" data-element_type=\"column\" data-e-type=\"column\">\n\t\t\t<div class=\"elementor-widget-wrap elementor-element-populated\">\n\t\t\t\t\t\t<div class=\"elementor-element elementor-element-644381b8 elementor-align-start elementor-icon-list--layout-traditional elementor-list-item-link-full_width elementor-widget elementor-widget-icon-list\" data-id=\"644381b8\" data-element_type=\"widget\" data-e-type=\"widget\" data-widget_type=\"icon-list.default\">\n\t\t\t\t<div class=\"elementor-widget-container\">\n\t\t\t\t\t\t\t<ul class=\"elementor-icon-list-items\">\n\t\t\t\t\t\t\t<li class=\"elementor-icon-list-item\">\n\t\t\t\t\t\t\t\t\t\t<span class=\"elementor-icon-list-text\"><b>Address:<\/b> Calle Anselmo P\u00e9rez de Brito, 12<\/span>\n\t\t\t\t\t\t\t\t\t<\/li>\n\t\t\t\t\t\t\t\t<li class=\"elementor-icon-list-item\">\n\t\t\t\t\t\t\t\t\t\t<span class=\"elementor-icon-list-text\"><b>Hours:<\/b> <br>Monday to Friday: 10:00\u201314:00 h. \/ 17:00\u201320:00 h. <br>Saturdays: 10:00\u201314:00 h<\/span>\n\t\t\t\t\t\t\t\t\t<\/li>\n\t\t\t\t\t\t\t\t<li class=\"elementor-icon-list-item\">\n\t\t\t\t\t\t\t\t\t\t<span class=\"elementor-icon-list-text\"><b>Telephone:<\/b> 0034 922 41 39 20<\/span>\n\t\t\t\t\t\t\t\t\t<\/li>\n\t\t\t\t\t\t<\/ul>\n\t\t\t\t\t\t<\/div>\n\t\t\t\t<\/div>\n\t\t\t\t<div class=\"elementor-element elementor-element-2a88e439 e-grid-align-left e-grid-align-tablet-right e-grid-align-mobile-center elementor-widget-mobile__width-inherit elementor-shape-rounded elementor-grid-0 elementor-widget elementor-widget-social-icons\" data-id=\"2a88e439\" data-element_type=\"widget\" data-e-type=\"widget\" data-widget_type=\"social-icons.default\">\n\t\t\t\t<div class=\"elementor-widget-container\">\n\t\t\t\t\t\t\t<div class=\"elementor-social-icons-wrapper elementor-grid\" role=\"list\">\n\t\t\t\t\t\t\t<span class=\"elementor-grid-item\" role=\"listitem\">\n\t\t\t\t\t<a class=\"elementor-icon elementor-social-icon elementor-social-icon-facebook-f elementor-repeater-item-3f1b7ac\" href=\"https:\/\/www.facebook.com\/DecoraMediaLuna\/\" target=\"_blank\" rel=\"noopener\">\n\t\t\t\t\t\t<span class=\"elementor-screen-only\">Facebook-f<\/span>\n\t\t\t\t\t\t<i aria-hidden=\"true\" class=\"fab fa-facebook-f\"><\/i>\t\t\t\t\t<\/a>\n\t\t\t\t<\/span>\n\t\t\t\t\t\t\t<span class=\"elementor-grid-item\" role=\"listitem\">\n\t\t\t\t\t<a class=\"elementor-icon elementor-social-icon elementor-social-icon- elementor-repeater-item-5c0ce3c\" target=\"_blank\">\n\t\t\t\t\t\t<span class=\"elementor-screen-only\"><\/span>\n\t\t\t\t\t\t\t\t\t\t\t<\/a>\n\t\t\t\t<\/span>\n\t\t\t\t\t\t\t<span class=\"elementor-grid-item\" role=\"listitem\">\n\t\t\t\t\t<a class=\"elementor-icon elementor-social-icon elementor-social-icon-instagram elementor-repeater-item-5630857\" href=\"https:\/\/www.instagram.com\/decora_medialuna_lapalma\/?hl=es\" target=\"_blank\" rel=\"noopener\">\n\t\t\t\t\t\t<span class=\"elementor-screen-only\">Instagram<\/span>\n\t\t\t\t\t\t<i aria-hidden=\"true\" class=\"fab fa-instagram\"><\/i>\t\t\t\t\t<\/a>\n\t\t\t\t<\/span>\n\t\t\t\t\t<\/div>\n\t\t\t\t\t\t<\/div>\n\t\t\t\t<\/div>\n\t\t\t\t<div class=\"elementor-element elementor-element-323c4865 elementor-widget elementor-widget-google_maps\" data-id=\"323c4865\" data-element_type=\"widget\" data-e-type=\"widget\" data-widget_type=\"google_maps.default\">\n\t\t\t\t<div class=\"elementor-widget-container\">\n\t\t\t\t\t\t\t<div class=\"elementor-custom-embed\">\n\t\t\t<iframe loading=\"lazy\"\n\t\t\t\t\tsrc=\"https:\/\/maps.google.com\/maps?q=C.%20Anselmo%20P%C3%A9rez%20de%20Brito%2C%2012%2C%2038700%20Santa%20Cruz%20de%20la%20Palma%2C%20Santa%20Cruz%20de%20Tenerife&#038;t=m&#038;z=17&#038;output=embed&#038;iwloc=near\"\n\t\t\t\t\ttitle=\"C. Anselmo P\u00e9rez de Brito, 12, 38700 Santa Cruz de la Palma, Santa Cruz de Tenerife\"\n\t\t\t\t\taria-label=\"C. Anselmo P\u00e9rez de Brito, 12, 38700 Santa Cruz de la Palma, Santa Cruz de Tenerife\"\n\t\t\t><\/iframe>\n\t\t<\/div>\n\t\t\t\t\t\t<\/div>\n\t\t\t\t<\/div>\n\t\t\t\t\t<\/div>\n\t\t<\/div>\n\t\t\t\t\t<\/div>\n\t\t<\/section>\n\t\t\t\t<section class=\"elementor-section elementor-top-section elementor-element elementor-element-878d3fa elementor-section-boxed elementor-section-height-default elementor-section-height-default\" data-id=\"878d3fa\" data-element_type=\"section\" data-e-type=\"section\">\n\t\t\t\t\t\t<div class=\"elementor-container elementor-column-gap-default\">\n\t\t\t\t\t<div class=\"elementor-column elementor-col-100 elementor-top-column elementor-element elementor-element-17283be\" data-id=\"17283be\" data-element_type=\"column\" data-e-type=\"column\">\n\t\t\t<div class=\"elementor-widget-wrap elementor-element-populated\">\n\t\t\t\t\t\t<div class=\"elementor-element elementor-element-e7d496f elementor-widget elementor-widget-image-gallery\" data-id=\"e7d496f\" data-element_type=\"widget\" data-e-type=\"widget\" data-widget_type=\"image-gallery.default\">\n\t\t\t\t<div class=\"elementor-widget-container\">\n\t\t\t\t\t\t\t<div class=\"elementor-image-gallery\">\n\t\t\t\n\t\t<style type=\"text\/css\">\n\t\t\t#gallery-1 {\n\t\t\t\tmargin: auto;\n\t\t\t}\n\t\t\t#gallery-1 .gallery-item {\n\t\t\t\tfloat: left;\n\t\t\t\tmargin-top: 10px;\n\t\t\t\ttext-align: center;\n\t\t\t\twidth: 33%;\n\t\t\t}\n\t\t\t#gallery-1 img {\n\t\t\t\tborder: 2px solid #cfcfcf;\n\t\t\t}\n\t\t\t#gallery-1 .gallery-caption {\n\t\t\t\tmargin-left: 0;\n\t\t\t}\n\t\t\t\/* see gallery_shortcode() in wp-includes\/media.php *\/\n\t\t<\/style>\n\t\t<div id='gallery-1' class='gallery galleryid-7731 gallery-columns-3 gallery-size-medium'><dl class='gallery-item'>\n\t\t\t<dt class='gallery-icon landscape'>\n\t\t\t\t<a data-elementor-open-lightbox=\"yes\" data-elementor-lightbox-slideshow=\"e7d496f\" data-elementor-lightbox-title=\"decoramedialuna\" data-e-action-hash=\"#elementor-action%3Aaction%3Dlightbox%26settings%3DeyJpZCI6NzY1OSwidXJsIjoiaHR0cHM6XC9cL2FydGVzYW5pYXNhbmx1cGUuY29tXC93cC1jb250ZW50XC91cGxvYWRzXC8yMDIyXC8xMFwvZGVjb3JhbWVkaWFsdW5hLmpwZyIsInNsaWRlc2hvdyI6ImU3ZDQ5NmYifQ%3D%3D\" href=\"https:\/\/artesaniasanlupe.com\/wp-content\/uploads\/2022\/10\/decoramedialuna.jpg\"><img fetchpriority=\"high\" decoding=\"async\" width=\"300\" height=\"236\" src=\"https:\/\/artesaniasanlupe.com\/wp-content\/uploads\/2022\/10\/decoramedialuna-300x236.jpg\" class=\"attachment-medium size-medium\" alt=\"\" srcset=\"https:\/\/artesaniasanlupe.com\/wp-content\/uploads\/2022\/10\/decoramedialuna-300x236.jpg 300w, https:\/\/artesaniasanlupe.com\/wp-content\/uploads\/2022\/10\/decoramedialuna-768x603.jpg 768w, https:\/\/artesaniasanlupe.com\/wp-content\/uploads\/2022\/10\/decoramedialuna.jpg 1000w\" sizes=\"(max-width: 300px) 100vw, 300px\" title=\"\"><\/a>\n\t\t\t<\/dt><\/dl><dl class='gallery-item'>\n\t\t\t<dt class='gallery-icon landscape'>\n\t\t\t\t<a data-elementor-open-lightbox=\"yes\" data-elementor-lightbox-slideshow=\"e7d496f\" data-elementor-lightbox-title=\"decoramedialuna-interior\" data-e-action-hash=\"#elementor-action%3Aaction%3Dlightbox%26settings%3DeyJpZCI6NzY1OCwidXJsIjoiaHR0cHM6XC9cL2FydGVzYW5pYXNhbmx1cGUuY29tXC93cC1jb250ZW50XC91cGxvYWRzXC8yMDIyXC8xMFwvZGVjb3JhbWVkaWFsdW5hLWludGVyaW9yLmpwZyIsInNsaWRlc2hvdyI6ImU3ZDQ5NmYifQ%3D%3D\" href=\"https:\/\/artesaniasanlupe.com\/wp-content\/uploads\/2022\/10\/decoramedialuna-interior.jpg\"><img decoding=\"async\" width=\"300\" height=\"236\" src=\"https:\/\/artesaniasanlupe.com\/wp-content\/uploads\/2022\/10\/decoramedialuna-interior-300x236.jpg\" class=\"attachment-medium size-medium\" alt=\"\" srcset=\"https:\/\/artesaniasanlupe.com\/wp-content\/uploads\/2022\/10\/decoramedialuna-interior-300x236.jpg 300w, https:\/\/artesaniasanlupe.com\/wp-content\/uploads\/2022\/10\/decoramedialuna-interior-768x603.jpg 768w, https:\/\/artesaniasanlupe.com\/wp-content\/uploads\/2022\/10\/decoramedialuna-interior.jpg 1000w\" sizes=\"(max-width: 300px) 100vw, 300px\" title=\"\"><\/a>\n\t\t\t<\/dt><\/dl><dl class='gallery-item'>\n\t\t\t<dt class='gallery-icon landscape'>\n\t\t\t\t<a data-elementor-open-lightbox=\"yes\" data-elementor-lightbox-slideshow=\"e7d496f\" data-elementor-lightbox-title=\"decora-velas\" data-e-action-hash=\"#elementor-action%3Aaction%3Dlightbox%26settings%3DeyJpZCI6NzY4OCwidXJsIjoiaHR0cHM6XC9cL2FydGVzYW5pYXNhbmx1cGUuY29tXC93cC1jb250ZW50XC91cGxvYWRzXC8yMDIyXC8xMFwvZGVjb3JhLXZlbGFzLmpwZyIsInNsaWRlc2hvdyI6ImU3ZDQ5NmYifQ%3D%3D\" href=\"https:\/\/artesaniasanlupe.com\/wp-content\/uploads\/2022\/10\/decora-velas.jpg\"><img decoding=\"async\" width=\"300\" height=\"236\" src=\"https:\/\/artesaniasanlupe.com\/wp-content\/uploads\/2022\/10\/decora-velas-300x236.jpg\" class=\"attachment-medium size-medium\" alt=\"\" srcset=\"https:\/\/artesaniasanlupe.com\/wp-content\/uploads\/2022\/10\/decora-velas-300x236.jpg 300w, https:\/\/artesaniasanlupe.com\/wp-content\/uploads\/2022\/10\/decora-velas-768x603.jpg 768w, https:\/\/artesaniasanlupe.com\/wp-content\/uploads\/2022\/10\/decora-velas.jpg 1000w\" sizes=\"(max-width: 300px) 100vw, 300px\" title=\"\"><\/a>\n\t\t\t<\/dt><\/dl><br style=\"clear: both\" \/><dl class='gallery-item'>\n\t\t\t<dt class='gallery-icon landscape'>\n\t\t\t\t<a data-elementor-open-lightbox=\"yes\" data-elementor-lightbox-slideshow=\"e7d496f\" data-elementor-lightbox-title=\"decora-azulejos\" data-e-action-hash=\"#elementor-action%3Aaction%3Dlightbox%26settings%3DeyJpZCI6NzY4OSwidXJsIjoiaHR0cHM6XC9cL2FydGVzYW5pYXNhbmx1cGUuY29tXC93cC1jb250ZW50XC91cGxvYWRzXC8yMDIyXC8xMFwvZGVjb3JhLWF6dWxlam9zLmpwZyIsInNsaWRlc2hvdyI6ImU3ZDQ5NmYifQ%3D%3D\" href=\"https:\/\/artesaniasanlupe.com\/wp-content\/uploads\/2022\/10\/decora-azulejos.jpg\"><img loading=\"lazy\" decoding=\"async\" width=\"300\" height=\"236\" src=\"https:\/\/artesaniasanlupe.com\/wp-content\/uploads\/2022\/10\/decora-azulejos-300x236.jpg\" class=\"attachment-medium size-medium\" alt=\"\" srcset=\"https:\/\/artesaniasanlupe.com\/wp-content\/uploads\/2022\/10\/decora-azulejos-300x236.jpg 300w, https:\/\/artesaniasanlupe.com\/wp-content\/uploads\/2022\/10\/decora-azulejos-768x603.jpg 768w, https:\/\/artesaniasanlupe.com\/wp-content\/uploads\/2022\/10\/decora-azulejos.jpg 1000w\" sizes=\"(max-width: 300px) 100vw, 300px\" title=\"\"><\/a>\n\t\t\t<\/dt><\/dl><dl class='gallery-item'>\n\t\t\t<dt class='gallery-icon landscape'>\n\t\t\t\t<a data-elementor-open-lightbox=\"yes\" data-elementor-lightbox-slideshow=\"e7d496f\" data-elementor-lightbox-title=\"decora\" data-e-action-hash=\"#elementor-action%3Aaction%3Dlightbox%26settings%3DeyJpZCI6NzcwNSwidXJsIjoiaHR0cHM6XC9cL2FydGVzYW5pYXNhbmx1cGUuY29tXC93cC1jb250ZW50XC91cGxvYWRzXC8yMDIyXC8xMFwvZGVjb3JhLTEuanBnIiwic2xpZGVzaG93IjoiZTdkNDk2ZiJ9\" href=\"https:\/\/artesaniasanlupe.com\/wp-content\/uploads\/2022\/10\/decora-1.jpg\"><img loading=\"lazy\" decoding=\"async\" width=\"300\" height=\"236\" src=\"https:\/\/artesaniasanlupe.com\/wp-content\/uploads\/2022\/10\/decora-1-300x236.jpg\" class=\"attachment-medium size-medium\" alt=\"\" srcset=\"https:\/\/artesaniasanlupe.com\/wp-content\/uploads\/2022\/10\/decora-1-300x236.jpg 300w, https:\/\/artesaniasanlupe.com\/wp-content\/uploads\/2022\/10\/decora-1-768x603.jpg 768w, https:\/\/artesaniasanlupe.com\/wp-content\/uploads\/2022\/10\/decora-1.jpg 1000w\" sizes=\"(max-width: 300px) 100vw, 300px\" title=\"\"><\/a>\n\t\t\t<\/dt><\/dl><dl class='gallery-item'>\n\t\t\t<dt class='gallery-icon landscape'>\n\t\t\t\t<a data-elementor-open-lightbox=\"yes\" data-elementor-lightbox-slideshow=\"e7d496f\" data-elementor-lightbox-title=\"decora-menaje\" data-e-action-hash=\"#elementor-action%3Aaction%3Dlightbox%26settings%3DeyJpZCI6NzY4NywidXJsIjoiaHR0cHM6XC9cL2FydGVzYW5pYXNhbmx1cGUuY29tXC93cC1jb250ZW50XC91cGxvYWRzXC8yMDIyXC8xMFwvZGVjb3JhLW1lbmFqZS5qcGciLCJzbGlkZXNob3ciOiJlN2Q0OTZmIn0%3D\" href=\"https:\/\/artesaniasanlupe.com\/wp-content\/uploads\/2022\/10\/decora-menaje.jpg\"><img loading=\"lazy\" decoding=\"async\" width=\"300\" height=\"236\" src=\"https:\/\/artesaniasanlupe.com\/wp-content\/uploads\/2022\/10\/decora-menaje-300x236.jpg\" class=\"attachment-medium size-medium\" alt=\"\" srcset=\"https:\/\/artesaniasanlupe.com\/wp-content\/uploads\/2022\/10\/decora-menaje-300x236.jpg 300w, https:\/\/artesaniasanlupe.com\/wp-content\/uploads\/2022\/10\/decora-menaje-768x603.jpg 768w, https:\/\/artesaniasanlupe.com\/wp-content\/uploads\/2022\/10\/decora-menaje.jpg 1000w\" sizes=\"(max-width: 300px) 100vw, 300px\" title=\"\"><\/a>\n\t\t\t<\/dt><\/dl><br style=\"clear: both\" \/>\n\t\t<\/div>\n\t\t<\/div>\n\t\t\t\t\t\t<\/div>\n\t\t\t\t<\/div>\n\t\t\t\t\t<\/div>\n\t\t<\/div>\n\t\t\t\t\t<\/div>\n\t\t<\/section>\n\t\t\t\t<\/div>\n\t\t","protected":false},"excerpt":{"rendered":"<p>Decora es sentirte en tu hogar pero fuera de \u00e9l, es un rinc\u00f3n que invita a construir tus sue\u00f1os, en un emplazamiento \u00fanico. Peque\u00f1os muebles, menaje, textiles para cocina y ba\u00f1o, olores y detalles para tu casa. Originalidad en nuestra colecci\u00f3n navide\u00f1a que Navidad tras Navidad llena de magia, color, luz y purpurina los hogares &hellip;<\/p>\n","protected":false},"author":2,"featured_media":0,"parent":0,"menu_order":0,"comment_status":"closed","ping_status":"closed","template":"template-fullwidth.php","meta":{"_themeisle_gutenberg_block_has_review":false,"footnotes":""},"class_list":["post-7731","page","type-page","status-publish","hentry"],"_links":{"self":[{"href":"https:\/\/artesaniasanlupe.com\/en\/wp-json\/wp\/v2\/pages\/7731","targetHints":{"allow":["GET"]}}],"collection":[{"href":"https:\/\/artesaniasanlupe.com\/en\/wp-json\/wp\/v2\/pages"}],"about":[{"href":"https:\/\/artesaniasanlupe.com\/en\/wp-json\/wp\/v2\/types\/page"}],"author":[{"embeddable":true,"href":"https:\/\/artesaniasanlupe.com\/en\/wp-json\/wp\/v2\/users\/2"}],"replies":[{"embeddable":true,"href":"https:\/\/artesaniasanlupe.com\/en\/wp-json\/wp\/v2\/comments?post=7731"}],"version-history":[{"count":13,"href":"https:\/\/artesaniasanlupe.com\/en\/wp-json\/wp\/v2\/pages\/7731\/revisions"}],"predecessor-version":[{"id":7841,"href":"https:\/\/artesaniasanlupe.com\/en\/wp-json\/wp\/v2\/pages\/7731\/revisions\/7841"}],"wp:attachment":[{"href":"https:\/\/artesaniasanlupe.com\/en\/wp-json\/wp\/v2\/media?parent=7731"}],"curies":[{"name":"wp","href":"https:\/\/api.w.org\/{rel}","templated":true}]}}